{"id":729,"date":"2024-01-16T21:08:41","date_gmt":"2024-01-17T02:08:41","guid":{"rendered":"https:\/\/capital.ellisdon.com\/?page_id=729"},"modified":"2024-03-19T09:46:59","modified_gmt":"2024-03-19T13:46:59","slug":"politique-de-confidentialite","status":"publish","type":"page","link":"https:\/\/capital.ellisdon.com\/fr\/politique-de-confidentialite\/","title":{"rendered":"Politique de confidentialit\u00e9"},"content":{"rendered":"\n<div class=\"wp-block-group is-layout-constrained wp-block-group-is-layout-constrained\">\n<p>EllisDon prend votre vie priv\u00e9e au s\u00e9rieux. Nous ne vendrons pas, ne louerons pas, n&rsquo;\u00e9changerons pas vos donn\u00e9es personnelles avec des tiers, ni ne partagerons vos donn\u00e9es personnelles avec des tiers d&rsquo;une mani\u00e8re autre que celle d\u00e9crite dans la pr\u00e9sente politique de protection de la vie priv\u00e9e.<\/p>\n\n\n\n<p>EllisDon se conforme \u00e0 toutes les lois canadiennes en ce qui concerne la collecte, l&rsquo;utilisation et la conservation des informations personnelles. La pr\u00e9sente politique de confidentialit\u00e9 ne concerne que les activit\u00e9s men\u00e9es \u00e0 partir de nos serveurs. La m\u00eame politique figure sur notre <a href=\"https:\/\/www.ellisdon.com\/privacy-policy\">site web principal<\/a>.<\/p>\n<\/div>\n\n<div class=\"wp-block-group is-layout-constrained wp-block-group-is-layout-constrained\">\n<p><strong>Consentement et collecte et utilisation des informations<\/strong><\/p>\n\n\n\n<p>Lorsque vous utilisez notre site web, certaines fonctions peuvent vous demander des informations personnelles qui seront utilis\u00e9es pour initier votre activit\u00e9 avec nous, pour communiquer avec vous sur l&rsquo;\u00e9tat de votre compte et pour d&rsquo;autres raisons \u00e9nonc\u00e9es dans la pr\u00e9sente politique de confidentialit\u00e9. Votre nom, votre adresse, votre num\u00e9ro de t\u00e9l\u00e9phone, votre adresse \u00e9lectronique et certaines autres informations vous concernant peuvent nous \u00eatre demand\u00e9es pour fournir les services ou \u00eatre divulgu\u00e9es par vous au cours de votre interaction avec EllisDon.<\/p>\n\n\n\n<p>En fournissant des informations personnelles, vous consentez volontairement \u00e0 la collecte, \u00e0 l&rsquo;utilisation et \u00e0 la divulgation de ces informations personnelles comme sp\u00e9cifi\u00e9 dans la pr\u00e9sente politique de confidentialit\u00e9. Sans limiter la port\u00e9e de ce qui pr\u00e9c\u00e8de, nous pouvons parfois vous demander votre consentement lorsque nous recueillons, utilisons ou divulguons vos informations personnelles dans des circonstances sp\u00e9cifiques. Parfois, votre consentement sera implicite du fait de votre comportement avec nous si l&rsquo;objectif de la collecte, de l&rsquo;utilisation ou de la divulgation est \u00e9vident et si vous fournissez volontairement les informations.<\/p>\n\n\n\n<p>Nous pouvons utiliser vos informations personnelles ou celles relatives \u00e0 votre compte pour les raisons suivantes :<\/p>\n\n\n\n<ul class=\"wp-block-list\">\n<li>Pour vous fournir des services,<\/li>\n\n\n\n<li>Pour vous fournir des informations,<\/li>\n\n\n\n<li>Pour cr\u00e9er, g\u00e9rer et contr\u00f4ler les informations de votre compte, et pour v\u00e9rifier les droits d&rsquo;acc\u00e8s aux services et aux logiciels,<\/li>\n\n\n\n<li>Pour communiquer avec vous afin de vous informer des modifications ou ajouts apport\u00e9s aux services, ou de la disponibilit\u00e9 de tout service que nous fournissons,<\/li>\n\n\n\n<li>Pour mener \u00e0 bien nos activit\u00e9s de marketing ;<\/li>\n\n\n\n<li>Pour r\u00e9pondre \u00e0 vos demandes de service \u00e0 la client\u00e8le.<\/li>\n<\/ul>\n\n\n\n<p>Nous pouvons occasionnellement communiquer avec vous au sujet de nos produits, services, nouvelles et \u00e9v\u00e9nements. Vous avez la possibilit\u00e9 de ne pas recevoir ces informations. Nous nous efforcerons de r\u00e9duire au minimum ce type de communication.<\/p>\n<\/div>\n\n<div class=\"wp-block-group is-layout-constrained wp-block-group-is-layout-constrained\">\n<p><strong>L&rsquo;\u00e2ge du consentement<\/strong><\/p>\n\n\n\n<p>Nous ne fournissons pas sciemment de services \u00e0 des personnes n&rsquo;ayant pas atteint l&rsquo;\u00e2ge du consentement et nous ne collecterons pas sciemment d&rsquo;informations personnelles aupr\u00e8s de ces personnes.<\/p>\n<\/div>\n\n<div class=\"wp-block-group is-layout-constrained wp-block-group-is-layout-constrained\">\n<p><strong>Droits \u00e0 l&rsquo;information<\/strong><\/p>\n\n\n\n<p>Vous avez le droit d&rsquo;acc\u00e9der \u00e0 vos informations, de les modifier et de les supprimer \u00e0 tout moment par le biais de l&rsquo;interface web fournie dans le cadre des services.<\/p>\n<\/div>\n\n<div class=\"wp-block-group is-layout-constrained wp-block-group-is-layout-constrained\">\n<p><strong>Divulgation<\/strong><\/p>\n\n\n\n<p>Nous ne partagerons vos informations avec des tiers que conform\u00e9ment \u00e0 vos instructions ou si cela est n\u00e9cessaire pour vous fournir un service sp\u00e9cifique, ou encore conform\u00e9ment \u00e0 la l\u00e9gislation applicable en mati\u00e8re de protection de la vie priv\u00e9e. Nous n&rsquo;avons pas et<br\/>ne vendra pas, ne louera pas, ne partagera pas ou ne divulguera pas vos informations personnelles sans avoir re\u00e7u au pr\u00e9alable votre autorisation ou dans les cas autoris\u00e9s par la pr\u00e9sente politique de confidentialit\u00e9.<\/p>\n<\/div>\n\n<div class=\"wp-block-group is-layout-constrained wp-block-group-is-layout-constrained\">\n<p><strong>Donn\u00e9es agr\u00e9g\u00e9es<\/strong><\/p>\n\n\n\n<p>Nous pouvons \u00e9galement utiliser vos informations personnelles pour g\u00e9n\u00e9rer des donn\u00e9es agr\u00e9g\u00e9es \u00e0 usage interne et pour les partager avec d&rsquo;autres sur une base s\u00e9lective. \u00ab\u00a0Donn\u00e9es agr\u00e9g\u00e9es\u00a0\u00bb : enregistrements d\u00e9pouill\u00e9s des informations susceptibles d&rsquo;identifier les clients, les pages de renvoi ou les utilisateurs finaux, et qui ont \u00e9t\u00e9 manipul\u00e9s ou combin\u00e9s pour fournir des informations g\u00e9n\u00e9ralis\u00e9es et anonymes. Votre identit\u00e9 et vos informations personnelles resteront anonymes dans les donn\u00e9es agr\u00e9g\u00e9es.<\/p>\n<\/div>\n\n<div class=\"wp-block-group is-layout-constrained wp-block-group-is-layout-constrained\">\n<p><strong>Liens<\/strong><\/p>\n\n\n\n<p>Le site peut contenir des liens vers d&rsquo;autres sites et nous ne sommes pas responsables des pratiques en mati\u00e8re de protection de la vie priv\u00e9e ou du contenu de ces sites. Nous vous encourageons \u00e0 lire la politique de confidentialit\u00e9 des sites li\u00e9s. Leurs politiques et pratiques en mati\u00e8re de protection de la vie priv\u00e9e diff\u00e8rent des n\u00f4tres.<\/p>\n<\/div>\n\n<div class=\"wp-block-group is-layout-constrained wp-block-group-is-layout-constrained\">\n<p><strong>S\u00e9curit\u00e9<\/strong><\/p>\n\n\n\n<p>Nous nous efforcerons d&#8217;emp\u00eacher tout acc\u00e8s non autoris\u00e9 \u00e0 vos informations personnelles, mais aucune transmission de donn\u00e9es sur l&rsquo;internet, par un appareil sans fil ou par voie hertzienne n&rsquo;est garantie comme \u00e9tant s\u00fbre \u00e0 100 %. Nous continuerons \u00e0 am\u00e9liorer les proc\u00e9dures de s\u00e9curit\u00e9 au fur et \u00e0 mesure que de nouvelles technologies et proc\u00e9dures seront disponibles.<\/p>\n\n\n\n<p>Nous vous recommandons vivement de ne pas divulguer votre mot de passe \u00e0 qui que ce soit. Si vous oubliez votre mot de passe, nous vous demanderons votre identifiant et vous enverrons un courriel contenant un lien qui vous permettra de r\u00e9initialiser votre mot de passe.<\/p>\n\n\n\n<p>N&rsquo;oubliez pas que vous contr\u00f4lez les informations personnelles que vous fournissez lors de l&rsquo;utilisation des services. En fin de compte, vous \u00eates responsable du maintien du secret de votre identification, de vos mots de passe et\/ou de toute information personnelle en votre possession. Soyez toujours prudent et responsable en ce qui concerne vos informations personnelles.<\/p>\n<\/div>\n\n<div class=\"wp-block-group is-layout-constrained wp-block-group-is-layout-constrained\">\n<p><strong>Nous contacter<\/strong><\/p>\n\n\n\n<p>Si vous avez des questions ou des suggestions concernant notre politique de protection de la vie priv\u00e9e, veuillez nous contacter \u00e0 l&rsquo;adresse suivante : edprivacy@ellisdon.com<\/p>\n<\/div>\n","protected":false},"excerpt":{"rendered":"<p>EllisDon prend votre vie priv\u00e9e au s\u00e9rieux. Nous ne vendrons pas, ne louerons pas, n&rsquo;\u00e9changerons pas vos donn\u00e9es personnelles avec des tiers, ni ne partagerons vos donn\u00e9es personnelles avec des tiers d&rsquo;une mani\u00e8re autre que celle d\u00e9crite dans la pr\u00e9sente politique de protection de la vie priv\u00e9e. EllisDon se conforme \u00e0 toutes les lois canadiennes [&#8230;]<\/p>\n<p><a class=\"btn btn-secondary understrap-read-more-link\" href=\"https:\/\/capital.ellisdon.com\/fr\/politique-de-confidentialite\/\">Lire la suite\u2026<span class=\"screen-reader-text\"> from Politique de confidentialit\u00e9<\/span><\/a><\/p>\n","protected":false},"author":1,"featured_media":0,"parent":0,"menu_order":0,"comment_status":"closed","ping_status":"open","template":"","meta":{"_acf_changed":false,"_monsterinsights_skip_tracking":false,"_monsterinsights_sitenote_active":false,"_monsterinsights_sitenote_note":"","_monsterinsights_sitenote_category":0,"footnotes":""},"class_list":["post-729","page","type-page","status-publish","hentry"],"acf":[],"aioseo_notices":[],"yoast_head":"<!-- This site is optimized with the Yoast SEO plugin v27.5 - https:\/\/yoast.com\/product\/yoast-seo-wordpress\/ -->\n<title>Politique de confidentialit\u00e9 - EllisDon Capital<\/title>\n<meta name=\"description\" content=\"Notre politique de confidentialit\u00e9 d\u00e9crit comment nous respectons et prot\u00e9geons votre vie priv\u00e9e, comment nous utilisons les informations et les donn\u00e9es et comment vous pouvez nous contacter.\" \/>\n<meta name=\"robots\" content=\"index, follow, max-snippet:-1, max-image-preview:large, max-video-preview:-1\" \/>\n<link rel=\"canonical\" href=\"https:\/\/capital.ellisdon.com\/fr\/politique-de-confidentialite\/\" \/>\n<meta property=\"og:locale\" content=\"fr_FR\" \/>\n<meta property=\"og:type\" content=\"article\" \/>\n<meta property=\"og:title\" content=\"Politique de confidentialit\u00e9 - EllisDon Capital\" \/>\n<meta property=\"og:description\" content=\"Notre politique de confidentialit\u00e9 d\u00e9crit comment nous respectons et prot\u00e9geons votre vie priv\u00e9e, comment nous utilisons les informations et les donn\u00e9es et comment vous pouvez nous contacter.\" \/>\n<meta property=\"og:url\" content=\"https:\/\/capital.ellisdon.com\/fr\/politique-de-confidentialite\/\" \/>\n<meta property=\"og:site_name\" content=\"EllisDon Capital\" \/>\n<meta property=\"article:modified_time\" content=\"2024-03-19T13:46:59+00:00\" \/>\n<meta name=\"twitter:card\" content=\"summary_large_image\" \/>\n<meta name=\"twitter:label1\" content=\"Dur\u00e9e de lecture estim\u00e9e\" \/>\n\t<meta name=\"twitter:data1\" content=\"5 minutes\" \/>\n<script type=\"application\/ld+json\" class=\"yoast-schema-graph\">{\"@context\":\"https:\\\/\\\/schema.org\",\"@graph\":[{\"@type\":\"WebPage\",\"@id\":\"https:\\\/\\\/capital.ellisdon.com\\\/fr\\\/politique-de-confidentialite\\\/\",\"url\":\"https:\\\/\\\/capital.ellisdon.com\\\/fr\\\/politique-de-confidentialite\\\/\",\"name\":\"Politique de confidentialit\u00e9 - EllisDon Capital\",\"isPartOf\":{\"@id\":\"https:\\\/\\\/capital.ellisdon.com\\\/fr\\\/#website\"},\"datePublished\":\"2024-01-17T02:08:41+00:00\",\"dateModified\":\"2024-03-19T13:46:59+00:00\",\"description\":\"Notre politique de confidentialit\u00e9 d\u00e9crit comment nous respectons et prot\u00e9geons votre vie priv\u00e9e, comment nous utilisons les informations et les donn\u00e9es et comment vous pouvez nous contacter.\",\"breadcrumb\":{\"@id\":\"https:\\\/\\\/capital.ellisdon.com\\\/fr\\\/politique-de-confidentialite\\\/#breadcrumb\"},\"inLanguage\":\"fr-FR\",\"potentialAction\":[{\"@type\":\"ReadAction\",\"target\":[\"https:\\\/\\\/capital.ellisdon.com\\\/fr\\\/politique-de-confidentialite\\\/\"]}]},{\"@type\":\"BreadcrumbList\",\"@id\":\"https:\\\/\\\/capital.ellisdon.com\\\/fr\\\/politique-de-confidentialite\\\/#breadcrumb\",\"itemListElement\":[{\"@type\":\"ListItem\",\"position\":1,\"name\":\"Home\",\"item\":\"https:\\\/\\\/capital.ellisdon.com\\\/fr\\\/\"},{\"@type\":\"ListItem\",\"position\":2,\"name\":\"Politique de confidentialit\u00e9\"}]},{\"@type\":\"WebSite\",\"@id\":\"https:\\\/\\\/capital.ellisdon.com\\\/fr\\\/#website\",\"url\":\"https:\\\/\\\/capital.ellisdon.com\\\/fr\\\/\",\"name\":\"EllisDon Capital\",\"description\":\"Developer, Investor, Asset Manager\",\"potentialAction\":[{\"@type\":\"SearchAction\",\"target\":{\"@type\":\"EntryPoint\",\"urlTemplate\":\"https:\\\/\\\/capital.ellisdon.com\\\/fr\\\/?s={search_term_string}\"},\"query-input\":{\"@type\":\"PropertyValueSpecification\",\"valueRequired\":true,\"valueName\":\"search_term_string\"}}],\"inLanguage\":\"fr-FR\"}]}<\/script>\n<!-- \/ Yoast SEO plugin. -->","yoast_head_json":{"title":"Politique de confidentialit\u00e9 - EllisDon Capital","description":"Notre politique de confidentialit\u00e9 d\u00e9crit comment nous respectons et prot\u00e9geons votre vie priv\u00e9e, comment nous utilisons les informations et les donn\u00e9es et comment vous pouvez nous contacter.","robots":{"index":"index","follow":"follow","max-snippet":"max-snippet:-1","max-image-preview":"max-image-preview:large","max-video-preview":"max-video-preview:-1"},"canonical":"https:\/\/capital.ellisdon.com\/fr\/politique-de-confidentialite\/","og_locale":"fr_FR","og_type":"article","og_title":"Politique de confidentialit\u00e9 - EllisDon Capital","og_description":"Notre politique de confidentialit\u00e9 d\u00e9crit comment nous respectons et prot\u00e9geons votre vie priv\u00e9e, comment nous utilisons les informations et les donn\u00e9es et comment vous pouvez nous contacter.","og_url":"https:\/\/capital.ellisdon.com\/fr\/politique-de-confidentialite\/","og_site_name":"EllisDon Capital","article_modified_time":"2024-03-19T13:46:59+00:00","twitter_card":"summary_large_image","twitter_misc":{"Dur\u00e9e de lecture estim\u00e9e":"5 minutes"},"schema":{"@context":"https:\/\/schema.org","@graph":[{"@type":"WebPage","@id":"https:\/\/capital.ellisdon.com\/fr\/politique-de-confidentialite\/","url":"https:\/\/capital.ellisdon.com\/fr\/politique-de-confidentialite\/","name":"Politique de confidentialit\u00e9 - EllisDon Capital","isPartOf":{"@id":"https:\/\/capital.ellisdon.com\/fr\/#website"},"datePublished":"2024-01-17T02:08:41+00:00","dateModified":"2024-03-19T13:46:59+00:00","description":"Notre politique de confidentialit\u00e9 d\u00e9crit comment nous respectons et prot\u00e9geons votre vie priv\u00e9e, comment nous utilisons les informations et les donn\u00e9es et comment vous pouvez nous contacter.","breadcrumb":{"@id":"https:\/\/capital.ellisdon.com\/fr\/politique-de-confidentialite\/#breadcrumb"},"inLanguage":"fr-FR","potentialAction":[{"@type":"ReadAction","target":["https:\/\/capital.ellisdon.com\/fr\/politique-de-confidentialite\/"]}]},{"@type":"BreadcrumbList","@id":"https:\/\/capital.ellisdon.com\/fr\/politique-de-confidentialite\/#breadcrumb","itemListElement":[{"@type":"ListItem","position":1,"name":"Home","item":"https:\/\/capital.ellisdon.com\/fr\/"},{"@type":"ListItem","position":2,"name":"Politique de confidentialit\u00e9"}]},{"@type":"WebSite","@id":"https:\/\/capital.ellisdon.com\/fr\/#website","url":"https:\/\/capital.ellisdon.com\/fr\/","name":"EllisDon Capital","description":"Developer, Investor, Asset Manager","potentialAction":[{"@type":"SearchAction","target":{"@type":"EntryPoint","urlTemplate":"https:\/\/capital.ellisdon.com\/fr\/?s={search_term_string}"},"query-input":{"@type":"PropertyValueSpecification","valueRequired":true,"valueName":"search_term_string"}}],"inLanguage":"fr-FR"}]}},"_links":{"self":[{"href":"https:\/\/capital.ellisdon.com\/fr\/wp-json\/wp\/v2\/pages\/729","targetHints":{"allow":["GET"]}}],"collection":[{"href":"https:\/\/capital.ellisdon.com\/fr\/wp-json\/wp\/v2\/pages"}],"about":[{"href":"https:\/\/capital.ellisdon.com\/fr\/wp-json\/wp\/v2\/types\/page"}],"author":[{"embeddable":true,"href":"https:\/\/capital.ellisdon.com\/fr\/wp-json\/wp\/v2\/users\/1"}],"replies":[{"embeddable":true,"href":"https:\/\/capital.ellisdon.com\/fr\/wp-json\/wp\/v2\/comments?post=729"}],"version-history":[{"count":0,"href":"https:\/\/capital.ellisdon.com\/fr\/wp-json\/wp\/v2\/pages\/729\/revisions"}],"wp:attachment":[{"href":"https:\/\/capital.ellisdon.com\/fr\/wp-json\/wp\/v2\/media?parent=729"}],"curies":[{"name":"wp","href":"https:\/\/api.w.org\/{rel}","templated":true}]}}