{"id":755,"date":"2024-03-25T14:28:48","date_gmt":"2024-03-25T18:28:48","guid":{"rendered":"https:\/\/capital.ellisdon.com\/ellisdon-capital-en-arabia-saudi\/"},"modified":"2024-03-25T14:33:43","modified_gmt":"2024-03-25T18:33:43","slug":"ellisdon-capital-en-arabia-saudi","status":"publish","type":"page","link":"https:\/\/capital.ellisdon.com\/es\/ellisdon-capital-en-arabia-saudi\/","title":{"rendered":"EllisDon Capital en Arabia Saud\u00ed"},"content":{"rendered":"\n<div class=\"wp-block-group is-layout-constrained wp-block-group-is-layout-constrained\">\n<div data-mode=\"preview\" class=\"wp-block-cgb-block-in5-wp-embed\"><iframe loading=\"lazy\" frameborder=\"0\" class=\"in5-iframe-code\" src=\"https:\/\/capital.ellisdon.com\/wp-content\/uploads\/in5-archives\/archive-1-2-3-4-5-6-7\/index.html\" width=\"1280\" height=\"800\" style=\"border:none; box-shadow:none; width: 1280px; height: 800px;\" data-open-in-new-window=\"no\" data-allow-fullscreen=\"yes\" data-responsive-h=\"undefined\" data-orig-height=\"800\"><\/iframe><\/div>\n<\/div>\n\n<p class=\"has-text-align-center\">Visite el <a href=\"http:\/\/capital.ellisdon.com\" target=\"_blank\" rel=\"noreferrer noopener\">sitio web<\/a> de EllisDon Capital.<\/p>\n","protected":false},"excerpt":{"rendered":"<p>Visite el sitio web de EllisDon Capital. [&#8230;]<\/p>\n<p><a class=\"btn btn-secondary understrap-read-more-link\" href=\"https:\/\/capital.ellisdon.com\/es\/ellisdon-capital-en-arabia-saudi\/\">Leer m\u00e1s&#8230;<span class=\"screen-reader-text\"> from EllisDon Capital en Arabia Saud\u00ed<\/span><\/a><\/p>\n","protected":false},"author":2,"featured_media":0,"parent":0,"menu_order":0,"comment_status":"closed","ping_status":"closed","template":"","meta":{"_acf_changed":false,"_monsterinsights_skip_tracking":false,"_monsterinsights_sitenote_active":false,"_monsterinsights_sitenote_note":"","_monsterinsights_sitenote_category":0,"footnotes":""},"class_list":["post-755","page","type-page","status-publish","hentry"],"acf":[],"aioseo_notices":[],"yoast_head":"<!-- This site is optimized with the Yoast SEO plugin v26.5 - https:\/\/yoast.com\/wordpress\/plugins\/seo\/ -->\n<title>EllisDon Capital en Arabia Saud\u00ed - EllisDon Capital<\/title>\n<meta name=\"robots\" content=\"index, follow, max-snippet:-1, max-image-preview:large, max-video-preview:-1\" \/>\n<link rel=\"canonical\" href=\"https:\/\/capital.ellisdon.com\/es\/ellisdon-capital-en-arabia-saudi\/\" \/>\n<meta property=\"og:locale\" content=\"es_ES\" \/>\n<meta property=\"og:type\" content=\"article\" \/>\n<meta property=\"og:title\" content=\"EllisDon Capital en Arabia Saud\u00ed - EllisDon Capital\" \/>\n<meta property=\"og:description\" content=\"Visite el sitio web de EllisDon Capital. [...]Leer m\u00e1s... from EllisDon Capital en Arabia Saud\u00ed\" \/>\n<meta property=\"og:url\" content=\"https:\/\/capital.ellisdon.com\/es\/ellisdon-capital-en-arabia-saudi\/\" \/>\n<meta property=\"og:site_name\" content=\"EllisDon Capital\" \/>\n<meta property=\"article:modified_time\" content=\"2024-03-25T18:33:43+00:00\" \/>\n<meta name=\"twitter:card\" content=\"summary_large_image\" \/>\n<script type=\"application\/ld+json\" class=\"yoast-schema-graph\">{\"@context\":\"https:\/\/schema.org\",\"@graph\":[{\"@type\":\"WebPage\",\"@id\":\"https:\/\/capital.ellisdon.com\/es\/ellisdon-capital-en-arabia-saudi\/\",\"url\":\"https:\/\/capital.ellisdon.com\/es\/ellisdon-capital-en-arabia-saudi\/\",\"name\":\"EllisDon Capital en Arabia Saud\u00ed - EllisDon Capital\",\"isPartOf\":{\"@id\":\"https:\/\/capital.ellisdon.com\/es\/#website\"},\"datePublished\":\"2024-03-25T18:28:48+00:00\",\"dateModified\":\"2024-03-25T18:33:43+00:00\",\"breadcrumb\":{\"@id\":\"https:\/\/capital.ellisdon.com\/es\/ellisdon-capital-en-arabia-saudi\/#breadcrumb\"},\"inLanguage\":\"es\",\"potentialAction\":[{\"@type\":\"ReadAction\",\"target\":[\"https:\/\/capital.ellisdon.com\/es\/ellisdon-capital-en-arabia-saudi\/\"]}]},{\"@type\":\"BreadcrumbList\",\"@id\":\"https:\/\/capital.ellisdon.com\/es\/ellisdon-capital-en-arabia-saudi\/#breadcrumb\",\"itemListElement\":[{\"@type\":\"ListItem\",\"position\":1,\"name\":\"Home\",\"item\":\"https:\/\/capital.ellisdon.com\/es\/\"},{\"@type\":\"ListItem\",\"position\":2,\"name\":\"EllisDon Capital en Arabia Saud\u00ed\"}]},{\"@type\":\"WebSite\",\"@id\":\"https:\/\/capital.ellisdon.com\/es\/#website\",\"url\":\"https:\/\/capital.ellisdon.com\/es\/\",\"name\":\"EllisDon Capital\",\"description\":\"Developer, Investor, Asset Manager\",\"potentialAction\":[{\"@type\":\"SearchAction\",\"target\":{\"@type\":\"EntryPoint\",\"urlTemplate\":\"https:\/\/capital.ellisdon.com\/es\/?s={search_term_string}\"},\"query-input\":{\"@type\":\"PropertyValueSpecification\",\"valueRequired\":true,\"valueName\":\"search_term_string\"}}],\"inLanguage\":\"es\"}]}<\/script>\n<!-- \/ Yoast SEO plugin. -->","yoast_head_json":{"title":"EllisDon Capital en Arabia Saud\u00ed - EllisDon Capital","robots":{"index":"index","follow":"follow","max-snippet":"max-snippet:-1","max-image-preview":"max-image-preview:large","max-video-preview":"max-video-preview:-1"},"canonical":"https:\/\/capital.ellisdon.com\/es\/ellisdon-capital-en-arabia-saudi\/","og_locale":"es_ES","og_type":"article","og_title":"EllisDon Capital en Arabia Saud\u00ed - EllisDon Capital","og_description":"Visite el sitio web de EllisDon Capital. [...]Leer m\u00e1s... from EllisDon Capital en Arabia Saud\u00ed","og_url":"https:\/\/capital.ellisdon.com\/es\/ellisdon-capital-en-arabia-saudi\/","og_site_name":"EllisDon Capital","article_modified_time":"2024-03-25T18:33:43+00:00","twitter_card":"summary_large_image","schema":{"@context":"https:\/\/schema.org","@graph":[{"@type":"WebPage","@id":"https:\/\/capital.ellisdon.com\/es\/ellisdon-capital-en-arabia-saudi\/","url":"https:\/\/capital.ellisdon.com\/es\/ellisdon-capital-en-arabia-saudi\/","name":"EllisDon Capital en Arabia Saud\u00ed - EllisDon Capital","isPartOf":{"@id":"https:\/\/capital.ellisdon.com\/es\/#website"},"datePublished":"2024-03-25T18:28:48+00:00","dateModified":"2024-03-25T18:33:43+00:00","breadcrumb":{"@id":"https:\/\/capital.ellisdon.com\/es\/ellisdon-capital-en-arabia-saudi\/#breadcrumb"},"inLanguage":"es","potentialAction":[{"@type":"ReadAction","target":["https:\/\/capital.ellisdon.com\/es\/ellisdon-capital-en-arabia-saudi\/"]}]},{"@type":"BreadcrumbList","@id":"https:\/\/capital.ellisdon.com\/es\/ellisdon-capital-en-arabia-saudi\/#breadcrumb","itemListElement":[{"@type":"ListItem","position":1,"name":"Home","item":"https:\/\/capital.ellisdon.com\/es\/"},{"@type":"ListItem","position":2,"name":"EllisDon Capital en Arabia Saud\u00ed"}]},{"@type":"WebSite","@id":"https:\/\/capital.ellisdon.com\/es\/#website","url":"https:\/\/capital.ellisdon.com\/es\/","name":"EllisDon Capital","description":"Developer, Investor, Asset Manager","potentialAction":[{"@type":"SearchAction","target":{"@type":"EntryPoint","urlTemplate":"https:\/\/capital.ellisdon.com\/es\/?s={search_term_string}"},"query-input":{"@type":"PropertyValueSpecification","valueRequired":true,"valueName":"search_term_string"}}],"inLanguage":"es"}]}},"_links":{"self":[{"href":"https:\/\/capital.ellisdon.com\/es\/wp-json\/wp\/v2\/pages\/755","targetHints":{"allow":["GET"]}}],"collection":[{"href":"https:\/\/capital.ellisdon.com\/es\/wp-json\/wp\/v2\/pages"}],"about":[{"href":"https:\/\/capital.ellisdon.com\/es\/wp-json\/wp\/v2\/types\/page"}],"author":[{"embeddable":true,"href":"https:\/\/capital.ellisdon.com\/es\/wp-json\/wp\/v2\/users\/2"}],"replies":[{"embeddable":true,"href":"https:\/\/capital.ellisdon.com\/es\/wp-json\/wp\/v2\/comments?post=755"}],"version-history":[{"count":0,"href":"https:\/\/capital.ellisdon.com\/es\/wp-json\/wp\/v2\/pages\/755\/revisions"}],"wp:attachment":[{"href":"https:\/\/capital.ellisdon.com\/es\/wp-json\/wp\/v2\/media?parent=755"}],"curies":[{"name":"wp","href":"https:\/\/api.w.org\/{rel}","templated":true}]}}