{"id":731,"date":"2024-01-16T21:08:41","date_gmt":"2024-01-17T02:08:41","guid":{"rendered":"https:\/\/capital.ellisdon.com\/?page_id=731"},"modified":"2024-03-19T09:46:59","modified_gmt":"2024-03-19T13:46:59","slug":"politica-de-privacidad","status":"publish","type":"page","link":"https:\/\/capital.ellisdon.com\/es\/politica-de-privacidad\/","title":{"rendered":"Pol\u00edtica de privacidad"},"content":{"rendered":"\n<div class=\"wp-block-group is-layout-constrained wp-block-group-is-layout-constrained\">\n<p>EllisDon se toma muy en serio su privacidad. No venderemos, alquilaremos ni intercambiaremos sus datos personales con terceros, ni los compartiremos con ellos de ninguna otra forma que no sea la descrita en esta Pol\u00edtica de privacidad.<\/p>\n\n\n\n<p>EllisDon cumple con todas las leyes canadienses con respecto a la recopilaci\u00f3n, uso y retenci\u00f3n de informaci\u00f3n personal. Esta Pol\u00edtica de Privacidad s\u00f3lo se refiere a las actividades realizadas desde nuestros servidores. La misma pol\u00edtica se encuentra en nuestro <a href=\"https:\/\/www.ellisdon.com\/privacy-policy\">sitio web principal<\/a>.<\/p>\n<\/div>\n\n<div class=\"wp-block-group is-layout-constrained wp-block-group-is-layout-constrained\">\n<p><strong>Consentimiento y recogida y uso de la informaci\u00f3n<\/strong><\/p>\n\n\n\n<p>Cuando utiliza nuestro sitio web, algunas funciones pueden solicitarle informaci\u00f3n personal que se utilizar\u00e1 para iniciar su actividad con nosotros, comunicarnos con usted sobre el estado de su cuenta y para otros fines establecidos en esta Pol\u00edtica de privacidad. Su nombre, direcci\u00f3n, n\u00famero de tel\u00e9fono, direcci\u00f3n de correo electr\u00f3nico y otra informaci\u00f3n sobre usted puede ser requerida por nosotros para proporcionar los servicios o revelada por usted durante su interacci\u00f3n de uso con EllisDon.<\/p>\n\n\n\n<p>Al proporcionar informaci\u00f3n personal, usted consiente voluntariamente en la recopilaci\u00f3n, uso y divulgaci\u00f3n de dicha informaci\u00f3n personal tal y como se especifica en esta Pol\u00edtica de privacidad. Sin perjuicio de lo anterior, en ocasiones podemos pedirle su consentimiento cuando recopilamos, utilizamos o revelamos su informaci\u00f3n personal en circunstancias espec\u00edficas. En ocasiones, su consentimiento estar\u00e1 impl\u00edcito en su conducta con nosotros si la finalidad de la recogida, uso o divulgaci\u00f3n es obvia y usted facilita voluntariamente la informaci\u00f3n.<\/p>\n\n\n\n<p>Podemos utilizar sus datos personales o los de su cuenta para los siguientes fines:<\/p>\n\n\n\n<ul class=\"wp-block-list\">\n<li>Para prestarle servicios,<\/li>\n\n\n\n<li>Para facilitarle informaci\u00f3n,<\/li>\n\n\n\n<li>Para crear, gestionar y controlar la informaci\u00f3n de su cuenta, y para verificar los derechos de acceso a los servicios y al software,<\/li>\n\n\n\n<li>Para comunicarnos con usted con el fin de informarle de cambios o adiciones a los servicios, o de la disponibilidad de cualquier servicio que prestemos,<\/li>\n\n\n\n<li>Para llevar a cabo nuestras actividades de marketing;<\/li>\n\n\n\n<li>Para responder a sus solicitudes de servicio de atenci\u00f3n al cliente.<\/li>\n<\/ul>\n\n\n\n<p>Ocasionalmente podemos comunicarnos con usted en relaci\u00f3n con nuestros productos, servicios, noticias y eventos. Tiene la opci\u00f3n de no recibir esta informaci\u00f3n. Intentaremos reducir al m\u00ednimo este tipo de comunicaciones.<\/p>\n<\/div>\n\n<div class=\"wp-block-group is-layout-constrained wp-block-group-is-layout-constrained\">\n<p><strong>Edad de consentimiento<\/strong><\/p>\n\n\n\n<p>No proporcionamos conscientemente los servicios a, y no recopilaremos conscientemente la informaci\u00f3n personal de cualquier persona menor de la edad de consentimiento.<\/p>\n<\/div>\n\n<div class=\"wp-block-group is-layout-constrained wp-block-group-is-layout-constrained\">\n<p><strong>Derechos sobre sus datos<\/strong><\/p>\n\n\n\n<p>Tiene derecho a acceder a su informaci\u00f3n, editarla y eliminarla en cualquier momento a trav\u00e9s de la interfaz web que se proporciona como parte de los Servicios.<\/p>\n<\/div>\n\n<div class=\"wp-block-group is-layout-constrained wp-block-group-is-layout-constrained\">\n<p><strong>Divulgaci\u00f3n<\/strong><\/p>\n\n\n\n<p>S\u00f3lo compartiremos su informaci\u00f3n con terceros de acuerdo con sus instrucciones o seg\u00fan sea necesario para prestarle un servicio espec\u00edfico o de conformidad con la legislaci\u00f3n aplicable en materia de privacidad. No lo hacemos y<br\/>no vender\u00e1, alquilar\u00e1, compartir\u00e1 ni divulgar\u00e1 su informaci\u00f3n personal sin recibir antes su permiso o seg\u00fan lo permitido en esta Pol\u00edtica de Privacidad.<\/p>\n<\/div>\n\n<div class=\"wp-block-group is-layout-constrained wp-block-group-is-layout-constrained\">\n<p><strong>Datos agregados<\/strong><\/p>\n\n\n\n<p>Tambi\u00e9n podemos utilizar su informaci\u00f3n personal para generar Datos Agregados para uso interno y para compartirlos con otros de forma selectiva. \u00abDatos agregados\u00bb se refiere a los registros que han sido despojados de informaci\u00f3n potencialmente identificativa de clientes, p\u00e1ginas de destino o usuarios finales, y que han sido manipulados o combinados para proporcionar informaci\u00f3n generalizada y an\u00f3nima. Su identidad e informaci\u00f3n personal se mantendr\u00e1n an\u00f3nimas en los Datos Agregados.<\/p>\n<\/div>\n\n<div class=\"wp-block-group is-layout-constrained wp-block-group-is-layout-constrained\">\n<p><strong>Enlaces<\/strong><\/p>\n\n\n\n<p>El Sitio puede contener enlaces a otros sitios y no somos responsables de las pr\u00e1cticas de privacidad o del contenido de dichos sitios. Le recomendamos que lea la pol\u00edtica de privacidad de los sitios enlazados. Sus pol\u00edticas y pr\u00e1cticas de privacidad difieren de las nuestras.<\/p>\n<\/div>\n\n<div class=\"wp-block-group is-layout-constrained wp-block-group-is-layout-constrained\">\n<p><strong>Seguridad<\/strong><\/p>\n\n\n\n<p>Nos esforzaremos por impedir el acceso no autorizado a su informaci\u00f3n personal, pero ninguna transmisi\u00f3n de datos por Internet, por dispositivos inal\u00e1mbricos o por aire est\u00e1 garantizada al 100%. Seguiremos mejorando los procedimientos de seguridad a medida que se disponga de nuevas tecnolog\u00edas y procedimientos.<\/p>\n\n\n\n<p>Le recomendamos encarecidamente que no revele su contrase\u00f1a a nadie. Si olvida su contrase\u00f1a, le pediremos su ID y le enviaremos un correo electr\u00f3nico con un enlace que le permitir\u00e1 restablecerla.<\/p>\n\n\n\n<p>Recuerde que usted controla la informaci\u00f3n personal que facilita al utilizar los servicios. En \u00faltima instancia, usted es responsable de mantener en secreto su identificaci\u00f3n, contrase\u00f1as y\/o cualquier informaci\u00f3n personal que est\u00e9 en su poder. Sea siempre cuidadoso y responsable con sus datos personales.<\/p>\n<\/div>\n\n<div class=\"wp-block-group is-layout-constrained wp-block-group-is-layout-constrained\">\n<p><strong>P\u00f3ngase en contacto con nosotros<\/strong><\/p>\n\n\n\n<p>Si tiene alguna pregunta o sugerencia sobre nuestra Pol\u00edtica de privacidad, p\u00f3ngase en contacto con nosotros en edprivacy@ellisdon.com.<\/p>\n<\/div>\n","protected":false},"excerpt":{"rendered":"<p>EllisDon se toma muy en serio su privacidad. No venderemos, alquilaremos ni intercambiaremos sus datos personales con terceros, ni los compartiremos con ellos de ninguna otra forma que no sea la descrita en esta Pol\u00edtica de privacidad. EllisDon cumple con todas las leyes canadienses con respecto a la recopilaci\u00f3n, uso y retenci\u00f3n de informaci\u00f3n personal. [&#8230;]<\/p>\n<p><a class=\"btn btn-secondary understrap-read-more-link\" href=\"https:\/\/capital.ellisdon.com\/es\/politica-de-privacidad\/\">Leer m\u00e1s&#8230;<span class=\"screen-reader-text\"> from Pol\u00edtica de privacidad<\/span><\/a><\/p>\n","protected":false},"author":1,"featured_media":0,"parent":0,"menu_order":0,"comment_status":"closed","ping_status":"open","template":"","meta":{"_acf_changed":false,"_monsterinsights_skip_tracking":false,"_monsterinsights_sitenote_active":false,"_monsterinsights_sitenote_note":"","_monsterinsights_sitenote_category":0,"footnotes":""},"class_list":["post-731","page","type-page","status-publish","hentry"],"acf":[],"aioseo_notices":[],"yoast_head":"<!-- This site is optimized with the Yoast SEO plugin v26.5 - https:\/\/yoast.com\/wordpress\/plugins\/seo\/ -->\n<title>Pol\u00edtica de privacidad - EllisDon Capital<\/title>\n<meta name=\"description\" content=\"Nuestra pol\u00edtica de privacidad describe c\u00f3mo respetamos y protegemos su privacidad, c\u00f3mo utilizamos la informaci\u00f3n y los datos y c\u00f3mo puede ponerse en contacto con nosotros.\" \/>\n<meta name=\"robots\" content=\"index, follow, max-snippet:-1, max-image-preview:large, max-video-preview:-1\" \/>\n<link rel=\"canonical\" href=\"https:\/\/capital.ellisdon.com\/es\/politica-de-privacidad\/\" \/>\n<meta property=\"og:locale\" content=\"es_ES\" \/>\n<meta property=\"og:type\" content=\"article\" \/>\n<meta property=\"og:title\" content=\"Pol\u00edtica de privacidad - EllisDon Capital\" \/>\n<meta property=\"og:description\" content=\"Nuestra pol\u00edtica de privacidad describe c\u00f3mo respetamos y protegemos su privacidad, c\u00f3mo utilizamos la informaci\u00f3n y los datos y c\u00f3mo puede ponerse en contacto con nosotros.\" \/>\n<meta property=\"og:url\" content=\"https:\/\/capital.ellisdon.com\/es\/politica-de-privacidad\/\" \/>\n<meta property=\"og:site_name\" content=\"EllisDon Capital\" \/>\n<meta property=\"article:modified_time\" content=\"2024-03-19T13:46:59+00:00\" \/>\n<meta name=\"twitter:card\" content=\"summary_large_image\" \/>\n<meta name=\"twitter:label1\" content=\"Tiempo de lectura\" \/>\n\t<meta name=\"twitter:data1\" content=\"4 minutos\" \/>\n<script type=\"application\/ld+json\" class=\"yoast-schema-graph\">{\"@context\":\"https:\/\/schema.org\",\"@graph\":[{\"@type\":\"WebPage\",\"@id\":\"https:\/\/capital.ellisdon.com\/es\/politica-de-privacidad\/\",\"url\":\"https:\/\/capital.ellisdon.com\/es\/politica-de-privacidad\/\",\"name\":\"Pol\u00edtica de privacidad - EllisDon Capital\",\"isPartOf\":{\"@id\":\"https:\/\/capital.ellisdon.com\/es\/#website\"},\"datePublished\":\"2024-01-17T02:08:41+00:00\",\"dateModified\":\"2024-03-19T13:46:59+00:00\",\"description\":\"Nuestra pol\u00edtica de privacidad describe c\u00f3mo respetamos y protegemos su privacidad, c\u00f3mo utilizamos la informaci\u00f3n y los datos y c\u00f3mo puede ponerse en contacto con nosotros.\",\"breadcrumb\":{\"@id\":\"https:\/\/capital.ellisdon.com\/es\/politica-de-privacidad\/#breadcrumb\"},\"inLanguage\":\"es\",\"potentialAction\":[{\"@type\":\"ReadAction\",\"target\":[\"https:\/\/capital.ellisdon.com\/es\/politica-de-privacidad\/\"]}]},{\"@type\":\"BreadcrumbList\",\"@id\":\"https:\/\/capital.ellisdon.com\/es\/politica-de-privacidad\/#breadcrumb\",\"itemListElement\":[{\"@type\":\"ListItem\",\"position\":1,\"name\":\"Home\",\"item\":\"https:\/\/capital.ellisdon.com\/es\/\"},{\"@type\":\"ListItem\",\"position\":2,\"name\":\"Pol\u00edtica de privacidad\"}]},{\"@type\":\"WebSite\",\"@id\":\"https:\/\/capital.ellisdon.com\/es\/#website\",\"url\":\"https:\/\/capital.ellisdon.com\/es\/\",\"name\":\"EllisDon Capital\",\"description\":\"Developer, Investor, Asset Manager\",\"potentialAction\":[{\"@type\":\"SearchAction\",\"target\":{\"@type\":\"EntryPoint\",\"urlTemplate\":\"https:\/\/capital.ellisdon.com\/es\/?s={search_term_string}\"},\"query-input\":{\"@type\":\"PropertyValueSpecification\",\"valueRequired\":true,\"valueName\":\"search_term_string\"}}],\"inLanguage\":\"es\"}]}<\/script>\n<!-- \/ Yoast SEO plugin. -->","yoast_head_json":{"title":"Pol\u00edtica de privacidad - EllisDon Capital","description":"Nuestra pol\u00edtica de privacidad describe c\u00f3mo respetamos y protegemos su privacidad, c\u00f3mo utilizamos la informaci\u00f3n y los datos y c\u00f3mo puede ponerse en contacto con nosotros.","robots":{"index":"index","follow":"follow","max-snippet":"max-snippet:-1","max-image-preview":"max-image-preview:large","max-video-preview":"max-video-preview:-1"},"canonical":"https:\/\/capital.ellisdon.com\/es\/politica-de-privacidad\/","og_locale":"es_ES","og_type":"article","og_title":"Pol\u00edtica de privacidad - EllisDon Capital","og_description":"Nuestra pol\u00edtica de privacidad describe c\u00f3mo respetamos y protegemos su privacidad, c\u00f3mo utilizamos la informaci\u00f3n y los datos y c\u00f3mo puede ponerse en contacto con nosotros.","og_url":"https:\/\/capital.ellisdon.com\/es\/politica-de-privacidad\/","og_site_name":"EllisDon Capital","article_modified_time":"2024-03-19T13:46:59+00:00","twitter_card":"summary_large_image","twitter_misc":{"Tiempo de lectura":"4 minutos"},"schema":{"@context":"https:\/\/schema.org","@graph":[{"@type":"WebPage","@id":"https:\/\/capital.ellisdon.com\/es\/politica-de-privacidad\/","url":"https:\/\/capital.ellisdon.com\/es\/politica-de-privacidad\/","name":"Pol\u00edtica de privacidad - EllisDon Capital","isPartOf":{"@id":"https:\/\/capital.ellisdon.com\/es\/#website"},"datePublished":"2024-01-17T02:08:41+00:00","dateModified":"2024-03-19T13:46:59+00:00","description":"Nuestra pol\u00edtica de privacidad describe c\u00f3mo respetamos y protegemos su privacidad, c\u00f3mo utilizamos la informaci\u00f3n y los datos y c\u00f3mo puede ponerse en contacto con nosotros.","breadcrumb":{"@id":"https:\/\/capital.ellisdon.com\/es\/politica-de-privacidad\/#breadcrumb"},"inLanguage":"es","potentialAction":[{"@type":"ReadAction","target":["https:\/\/capital.ellisdon.com\/es\/politica-de-privacidad\/"]}]},{"@type":"BreadcrumbList","@id":"https:\/\/capital.ellisdon.com\/es\/politica-de-privacidad\/#breadcrumb","itemListElement":[{"@type":"ListItem","position":1,"name":"Home","item":"https:\/\/capital.ellisdon.com\/es\/"},{"@type":"ListItem","position":2,"name":"Pol\u00edtica de privacidad"}]},{"@type":"WebSite","@id":"https:\/\/capital.ellisdon.com\/es\/#website","url":"https:\/\/capital.ellisdon.com\/es\/","name":"EllisDon Capital","description":"Developer, Investor, Asset Manager","potentialAction":[{"@type":"SearchAction","target":{"@type":"EntryPoint","urlTemplate":"https:\/\/capital.ellisdon.com\/es\/?s={search_term_string}"},"query-input":{"@type":"PropertyValueSpecification","valueRequired":true,"valueName":"search_term_string"}}],"inLanguage":"es"}]}},"_links":{"self":[{"href":"https:\/\/capital.ellisdon.com\/es\/wp-json\/wp\/v2\/pages\/731","targetHints":{"allow":["GET"]}}],"collection":[{"href":"https:\/\/capital.ellisdon.com\/es\/wp-json\/wp\/v2\/pages"}],"about":[{"href":"https:\/\/capital.ellisdon.com\/es\/wp-json\/wp\/v2\/types\/page"}],"author":[{"embeddable":true,"href":"https:\/\/capital.ellisdon.com\/es\/wp-json\/wp\/v2\/users\/1"}],"replies":[{"embeddable":true,"href":"https:\/\/capital.ellisdon.com\/es\/wp-json\/wp\/v2\/comments?post=731"}],"version-history":[{"count":0,"href":"https:\/\/capital.ellisdon.com\/es\/wp-json\/wp\/v2\/pages\/731\/revisions"}],"wp:attachment":[{"href":"https:\/\/capital.ellisdon.com\/es\/wp-json\/wp\/v2\/media?parent=731"}],"curies":[{"name":"wp","href":"https:\/\/api.w.org\/{rel}","templated":true}]}}